{"id":329,"date":"2020-04-29T14:08:32","date_gmt":"2020-04-29T14:08:32","guid":{"rendered":"https:\/\/www.spsurf.com\/?page_id=329"},"modified":"2020-04-29T14:08:32","modified_gmt":"2020-04-29T14:08:32","slug":"legal-note","status":"publish","type":"page","link":"https:\/\/spsurf.com\/en\/legal-note\/","title":{"rendered":"Legal note"},"content":{"rendered":"<p>En cumplimiento de la Ley 34\/2002, de 11 de julio, de Servicios de la Sociedad de la Informaci\u00f3n y de Comercio Electr\u00f3nico (LSSI-CE), STANDUP PADDLE SURF DISTRIBUTION S.L. informa que es titular del sitio web\u00a0<a href=\"http:\/\/www.spsurf.com\/\">WWW.SPSURF.COM.<\/a>\u00a0De acuerdo con la exigencia del art\u00edculo 10 de la citada Ley, STANDUP PADDLE SURF DISTRIBUTION S.L. informa de los siguientes datos:<\/p>\n<p>El titular de este sitio web es STANDUP PADDLE SURF DISTRIBUTION S.L., con CIF B67342246 y domicilio social en MAJOR DE SARRI\u00c0, 175 08017, BARCELONA, inscrita en el Registro Mercantil, en el tomo 46672, folio\u00a0139, Secci\u00f3n 8, hoja 527295, e inscripci\u00f3n 3982. La direcci\u00f3n de correo electr\u00f3nico de contacto con la empresa es:\u00a0<a href=\"mailto:COMERCIAL@SPSURF.COM\">COMERCIAL@SPSURF.COM.<\/a><\/p>\n<p>&nbsp;<\/p>\n<h3>Usuario y r\u00e9gimen de responsabilidades<\/h3>\n<p><strong>\u00a0<\/strong>La navegaci\u00f3n, acceso y uso por el sitio web de STANDUP PADDLE SURF DISTRIBUTION S.L. confiere la condici\u00f3n de usuario, por la que se aceptan, desde la navegaci\u00f3n por el sitio web de STANDUP PADDLE SURF DISTRIBUTION S.L., todas las condiciones de uso aqu\u00ed establecidas sin perjuicio de la aplicaci\u00f3n de la correspondiente normativa de obligado cumplimiento legal seg\u00fan el caso.<\/p>\n<p>El sitio web de STANDUP PADDLE SURF DISTRIBUTION S.L. proporciona gran diversidad de informaci\u00f3n, servicios y datos. El usuario asume su responsabilidad en el uso correcto del sitio web. Esta responsabilidad se extender\u00e1 a:<\/p>\n<ul>\n<li>La veracidad y licitud de las informaciones aportadas por el usuario en los formularios extendidos por STANDUP PADDLE SURF DISTRIBUTION S.L. para el acceso a ciertos contenidos o servicios ofrecidos por el<\/li>\n<li>El uso de la informaci\u00f3n, servicios y datos ofrecidos por STANDUP PADDLE SURF DISTRIBUTION S.L. contrariamente a lo dispuesto por las presentes condiciones, la Ley, la moral, las buenas costumbres o el orden p\u00fablico, o que de cualquier otro modo puedan suponer lesi\u00f3n de los derechos de terceros o del mismo funcionamiento del sitio<\/li>\n<\/ul>\n<p>&nbsp;<\/p>\n<h3>Pol\u00edtica de enlaces y exenciones de responsabilidad<\/h3>\n<p><strong>\u00a0<\/strong>STANDUP PADDLE SURF DISTRIBUTION S.L. no se hace responsable del contenido de los sitios web a los que el usuario pueda acceder a trav\u00e9s de los enlaces establecidos en su sitio web y declara que en ning\u00fan caso proceder\u00e1 a examinar o ejercitar ning\u00fan tipo de control sobre el contenido de otros sitios de la red. Asimismo, tampoco garantizar\u00e1 la disponibilidad t\u00e9cnica, exactitud, veracidad, validez o legalidad de sitios ajenos a su propiedad a los que se pueda acceder por medio de los enlaces.<\/p>\n<p>STANDUP PADDLE SURF DISTRIBUTION S.L. declara haber adoptado todas las medidas necesarias para evitar cualquier da\u00f1o a los usuarios de su sitio web, que pudieran derivarse de la navegaci\u00f3n por su sitio web. En consecuencia, STANDUP PADDLE SURF DISTRIBUTION S.L. no se hace responsable, en ning\u00fan caso, de los eventuales da\u00f1os que por la navegaci\u00f3n por Internet pudiera sufrir el usuario.<\/p>\n<p>&nbsp;<\/p>\n<h3>Modificaciones<\/h3>\n<p><strong>\u00a0<\/strong>STANDUP PADDLE SURF DISTRIBUTION S.L. se reserva el derecho a realizar las modificaciones que considere oportunas, sin aviso previo, en el contenido de su sitio web. Tanto en lo referente a los contenidos del sitio web, como en las condiciones de uso del mismo, o en las condiciones generales de contrataci\u00f3n. Dichas modificaciones podr\u00e1n realizarse a trav\u00e9s de su sitio web por cualquier forma admisible en derecho y ser\u00e1n de obligado cumplimiento durante el tiempo en que se encuentren publicadas en el web y hasta que no sean modificadas v\u00e1lidamente por otras posteriores.<\/p>\n<p>&nbsp;<\/p>\n<h3>Servicios de contrataci\u00f3n por internet<\/h3>\n<p><strong>\u00a0<\/strong>Ciertos contenidos de la website de STANDUP PADDLE SURF DISTRIBUTION S.L. contienen la posibilidad de contrataci\u00f3n por Internet. El uso de los mismos requerir\u00e1 la lectura y aceptaci\u00f3n obligatoria de las condiciones generales de contrataci\u00f3n establecidas al efecto por STANDUP PADDLE SURF DISTRIBUTION S.L..<\/p>\n<p>&nbsp;<\/p>\n<h3>Protecci\u00f3n de datos<\/h3>\n<p><strong>\u00a0<\/strong>De conformidad con lo establecido en la normativa vigente en Protecci\u00f3n de Datos de Car\u00e1cter Personal, le informamos que sus datos ser\u00e1n incorporados al sistema de tratamiento titularidad de STANDUP PADDLE SURF DISTRIBUTION S.L. con CIF B67342246 y domicilio social sito en MAJOR DE SARRI\u00c0, 175 08017, BARCELONA, con la finalidad de poder facilitar, agilizar y cumplir los compromisos establecidos entre ambas partes. En cumplimiento con la normativa vigente, STANDUP PADDLE SURF DISTRIBUTION S.L. informa que los datos ser\u00e1n conservados durante el plazo estrictamente necesario para cumplir con los preceptos mencionados con anterioridad.<\/p>\n<p>Le informamos que el tratamiento de sus datos est\u00e1 legitimado por su consentimiento y\/o la relaci\u00f3n contractual que mantenemos con usted.<\/p>\n<p>STANDUP PADDLE SURF DISTRIBUTION S.L. informa que proceder\u00e1 a tratar los datos de manera l\u00edcita, leal, transparente, adecuada, pertinente, limitada, exacta y actualizada. Es por ello que STANDUP PADDLE SURF DISTRIBUTION S.L. se compromete a adoptar todas las medidas razonables para que estos se supriman o rectifiquen sin dilaci\u00f3n cuando sean inexactos.<\/p>\n<p>De acuerdo con los derechos que le confiere el la normativa vigente en protecci\u00f3n de datos podr\u00e1 ejercer los derechos de acceso, rectificaci\u00f3n, limitaci\u00f3n de tratamiento, supresi\u00f3n, portabilidad y oposici\u00f3n al tratamiento de sus datos de car\u00e1cter personal as\u00ed como del consentimiento prestado para el tratamiento de los mismos, dirigiendo su petici\u00f3n a la direcci\u00f3n postal indicada m\u00e1s arriba o al correo electr\u00f3nico\u00a0<a href=\"mailto:COMERCIAL@SPSURF.COM\">COMERCIAL@SPSURF.COM.<\/a><\/p>\n<p>Podr\u00e1 dirigirse a la Autoridad de Control competente para presentar la reclamaci\u00f3n que considere oportuna.<\/p>\n<h3>Certificado SSL (Secure Sockets Layer)<\/h3>\n<p><strong>\u00a0<\/strong>El CERTIFICADO SSL proporciona autenticaci\u00f3n, privacidad y seguridad de la informaci\u00f3n entre STANDUP PADDLE SURF DISTRIBUTION S.L. y el usuario.<\/p>\n<p>STANDUP PADDLE SURF DISTRIBUTION S.L. dispone de un certificado de seguridad que se utiliza por CERTIFICADO SSL para realizar conexiones seguras.<\/p>\n<p>En este proceso se establecen varios par\u00e1metros para realizar la conexi\u00f3n de forma segura y se establece usando llaves preestablecidas, codificando y descodificando todos los datos enviados hasta que la conexi\u00f3n sea cerrada.<\/p>\n<h3>Propiedad intelectual e industrial<\/h3>\n<p><strong>\u00a0<\/strong>STANDUP PADDLE SURF DISTRIBUTION S.L. por s\u00ed misma o como cesionaria, es titular de todos los derechos de propiedad intelectual e industrial de su p\u00e1gina web, as\u00ed como de los elementos contenidos en la misma (a t\u00edtulo enunciativo, im\u00e1genes, sonido, audio, v\u00eddeo, software o textos; marcas o logotipos, combinaciones de colores, estructura y dise\u00f1o, selecci\u00f3n de materiales usados, programas de ordenador necesarios para su funcionamiento, acceso y uso, etc.), titularidad de STANDUP PADDLE SURF DISTRIBUTION S.L.. Ser\u00e1n, por consiguiente, obras protegidas como propiedad intelectual por el ordenamiento jur\u00eddico espa\u00f1ol, si\u00e9ndoles aplicables tanto la normativa espa\u00f1ola y comunitaria en este campo, como los tratados internacionales relativos a la materia y suscritos por Espa\u00f1a.<\/p>\n<p>Todos los derechos reservados. En virtud de lo dispuesto en la Ley de Propiedad Intelectual, quedan expresamente prohibidas la reproducci\u00f3n, la distribuci\u00f3n y la comunicaci\u00f3n p\u00fablica, incluida su modalidad de puesta a disposici\u00f3n, de la totalidad o parte de los contenidos de esta p\u00e1gina web, con fines comerciales, en cualquier soporte y por cualquier medio t\u00e9cnico, sin la autorizaci\u00f3n de STANDUP PADDLE SURF DISTRIBUTION S.L..<\/p>\n<p>El usuario se compromete a respetar los derechos de Propiedad Intelectual e Industrial titularidad de STANDUP PADDLE SURF DISTRIBUTION S.L.. Podr\u00e1 visualizar los elementos del portal e incluso imprimirlos, copiarlos y almacenarlos en el disco duro de su ordenador o en cualquier otro soporte f\u00edsico siempre y cuando sea, \u00fanica y exclusivamente, para su uso personal y privado. El usuario deber\u00e1 abstenerse de suprimir, alterar, eludir o manipular cualquier dispositivo de protecci\u00f3n o sistema de seguridad que estuviera instalado en las p\u00e1ginas de STANDUP PADDLE SURF DISTRIBUTION S.L..<\/p>\n<h3>Acciones legales, legislaci\u00f3n aplicable y jurisdicci\u00f3n<\/h3>\n<p><strong>\u00a0<\/strong>STANDUP PADDLE SURF DISTRIBUTION S.L. se reserva, asimismo, la facultad de presentar las acciones civiles o penales que considere oportunas por la utilizaci\u00f3n indebida de su sitio web y contenidos, o por el incumplimiento de las presentes condiciones.<\/p>\n<p>La relaci\u00f3n entre el usuario y el prestador se regir\u00e1 por la normativa vigente y de aplicaci\u00f3n en el territorio espa\u00f1ol. De surgir cualquier controversia las partes podr\u00e1n someter sus conflictos a arbitraje o acudir a la jurisdicci\u00f3n ordinaria cumpliendo con las normas sobre jurisdicci\u00f3n y competencia al respecto. STANDUP PADDLE SURF DISTRIBUTION S.L. tiene su domicilio en BARCELONA, Espa\u00f1a.<\/p>\n","protected":false},"excerpt":{"rendered":"<p>En cumplimiento de la Ley 34\/2002, de 11 de julio, de Servicios de la Sociedad de la Informaci\u00f3n y de Comercio Electr\u00f3nico (LSSI-CE), STANDUP PADDLE SURF DISTRIBUTION S.L. informa que es titular del sitio web\u00a0WWW.SPSURF.COM.\u00a0De acuerdo con la exigencia del art\u00edculo 10 de la citada Ley, STANDUP PADDLE SURF DISTRIBUTION S.L. informa de los siguientes [&hellip;]<\/p>\n","protected":false},"author":1,"featured_media":0,"parent":0,"menu_order":0,"comment_status":"closed","ping_status":"closed","template":"","meta":{"_acf_changed":false,"footnotes":""},"class_list":["post-329","page","type-page","status-publish","hentry"],"acf":[],"yoast_head":"<!-- This site is optimized with the Yoast SEO plugin v23.1 - https:\/\/yoast.com\/wordpress\/plugins\/seo\/ -->\n<title>Legal note | SPS SURF<\/title>\n<meta name=\"robots\" content=\"index, follow, max-snippet:-1, max-image-preview:large, max-video-preview:-1\" \/>\n<link rel=\"canonical\" href=\"https:\/\/spsurf.com\/en\/legal-note\/\" \/>\n<meta property=\"og:locale\" content=\"en_US\" \/>\n<meta property=\"og:type\" content=\"article\" \/>\n<meta property=\"og:title\" content=\"Legal note | SPS SURF\" \/>\n<meta property=\"og:description\" content=\"En cumplimiento de la Ley 34\/2002, de 11 de julio, de Servicios de la Sociedad de la Informaci\u00f3n y de Comercio Electr\u00f3nico (LSSI-CE), STANDUP PADDLE SURF DISTRIBUTION S.L. informa que es titular del sitio web\u00a0WWW.SPSURF.COM.\u00a0De acuerdo con la exigencia del art\u00edculo 10 de la citada Ley, STANDUP PADDLE SURF DISTRIBUTION S.L. informa de los siguientes [&hellip;]\" \/>\n<meta property=\"og:url\" content=\"https:\/\/spsurf.com\/en\/legal-note\/\" \/>\n<meta property=\"og:site_name\" content=\"SPS SURF\" \/>\n<meta property=\"article:publisher\" content=\"https:\/\/www.facebook.com\/SpsStandUpPaddle\/\" \/>\n<meta name=\"twitter:card\" content=\"summary_large_image\" \/>\n<meta name=\"twitter:label1\" content=\"Est. reading time\" \/>\n\t<meta name=\"twitter:data1\" content=\"7 minutes\" \/>\n<script type=\"application\/ld+json\" class=\"yoast-schema-graph\">{\"@context\":\"https:\/\/schema.org\",\"@graph\":[{\"@type\":\"WebPage\",\"@id\":\"https:\/\/spsurf.com\/en\/legal-note\/\",\"url\":\"https:\/\/spsurf.com\/en\/legal-note\/\",\"name\":\"Legal note | SPS SURF\",\"isPartOf\":{\"@id\":\"https:\/\/www.spsurf.com\/en\/#website\"},\"datePublished\":\"2020-04-29T14:08:32+00:00\",\"dateModified\":\"2020-04-29T14:08:32+00:00\",\"breadcrumb\":{\"@id\":\"https:\/\/spsurf.com\/en\/legal-note\/#breadcrumb\"},\"inLanguage\":\"en-US\",\"potentialAction\":[{\"@type\":\"ReadAction\",\"target\":[\"https:\/\/spsurf.com\/en\/legal-note\/\"]}]},{\"@type\":\"BreadcrumbList\",\"@id\":\"https:\/\/spsurf.com\/en\/legal-note\/#breadcrumb\",\"itemListElement\":[{\"@type\":\"ListItem\",\"position\":1,\"name\":\"Portada\",\"item\":\"https:\/\/spsurf.com\/en\/\"},{\"@type\":\"ListItem\",\"position\":2,\"name\":\"Legal note\"}]},{\"@type\":\"WebSite\",\"@id\":\"https:\/\/www.spsurf.com\/en\/#website\",\"url\":\"https:\/\/www.spsurf.com\/en\/\",\"name\":\"SPS SURF\",\"description\":\"Otro sitio realizado con WordPress\",\"publisher\":{\"@id\":\"https:\/\/www.spsurf.com\/en\/#organization\"},\"potentialAction\":[{\"@type\":\"SearchAction\",\"target\":{\"@type\":\"EntryPoint\",\"urlTemplate\":\"https:\/\/www.spsurf.com\/en\/?s={search_term_string}\"},\"query-input\":\"required name=search_term_string\"}],\"inLanguage\":\"en-US\"},{\"@type\":\"Organization\",\"@id\":\"https:\/\/www.spsurf.com\/en\/#organization\",\"name\":\"SPSurf\",\"url\":\"https:\/\/www.spsurf.com\/en\/\",\"logo\":{\"@type\":\"ImageObject\",\"inLanguage\":\"en-US\",\"@id\":\"https:\/\/www.spsurf.com\/en\/#\/schema\/logo\/image\/\",\"url\":\"https:\/\/spsurf.com\/custom\/uploads\/2020\/05\/logo.png\",\"contentUrl\":\"https:\/\/spsurf.com\/custom\/uploads\/2020\/05\/logo.png\",\"width\":206,\"height\":140,\"caption\":\"SPSurf\"},\"image\":{\"@id\":\"https:\/\/www.spsurf.com\/en\/#\/schema\/logo\/image\/\"},\"sameAs\":[\"https:\/\/www.facebook.com\/SpsStandUpPaddle\/\",\"https:\/\/www.instagram.com\/spsstanduppaddle\/\"]}]}<\/script>\n<!-- \/ Yoast SEO plugin. -->","yoast_head_json":{"title":"Legal note | SPS SURF","robots":{"index":"index","follow":"follow","max-snippet":"max-snippet:-1","max-image-preview":"max-image-preview:large","max-video-preview":"max-video-preview:-1"},"canonical":"https:\/\/spsurf.com\/en\/legal-note\/","og_locale":"en_US","og_type":"article","og_title":"Legal note | SPS SURF","og_description":"En cumplimiento de la Ley 34\/2002, de 11 de julio, de Servicios de la Sociedad de la Informaci\u00f3n y de Comercio Electr\u00f3nico (LSSI-CE), STANDUP PADDLE SURF DISTRIBUTION S.L. informa que es titular del sitio web\u00a0WWW.SPSURF.COM.\u00a0De acuerdo con la exigencia del art\u00edculo 10 de la citada Ley, STANDUP PADDLE SURF DISTRIBUTION S.L. informa de los siguientes [&hellip;]","og_url":"https:\/\/spsurf.com\/en\/legal-note\/","og_site_name":"SPS SURF","article_publisher":"https:\/\/www.facebook.com\/SpsStandUpPaddle\/","twitter_card":"summary_large_image","twitter_misc":{"Est. reading time":"7 minutes"},"schema":{"@context":"https:\/\/schema.org","@graph":[{"@type":"WebPage","@id":"https:\/\/spsurf.com\/en\/legal-note\/","url":"https:\/\/spsurf.com\/en\/legal-note\/","name":"Legal note | SPS SURF","isPartOf":{"@id":"https:\/\/www.spsurf.com\/en\/#website"},"datePublished":"2020-04-29T14:08:32+00:00","dateModified":"2020-04-29T14:08:32+00:00","breadcrumb":{"@id":"https:\/\/spsurf.com\/en\/legal-note\/#breadcrumb"},"inLanguage":"en-US","potentialAction":[{"@type":"ReadAction","target":["https:\/\/spsurf.com\/en\/legal-note\/"]}]},{"@type":"BreadcrumbList","@id":"https:\/\/spsurf.com\/en\/legal-note\/#breadcrumb","itemListElement":[{"@type":"ListItem","position":1,"name":"Portada","item":"https:\/\/spsurf.com\/en\/"},{"@type":"ListItem","position":2,"name":"Legal note"}]},{"@type":"WebSite","@id":"https:\/\/www.spsurf.com\/en\/#website","url":"https:\/\/www.spsurf.com\/en\/","name":"SPS SURF","description":"Otro sitio realizado con WordPress","publisher":{"@id":"https:\/\/www.spsurf.com\/en\/#organization"},"potentialAction":[{"@type":"SearchAction","target":{"@type":"EntryPoint","urlTemplate":"https:\/\/www.spsurf.com\/en\/?s={search_term_string}"},"query-input":"required name=search_term_string"}],"inLanguage":"en-US"},{"@type":"Organization","@id":"https:\/\/www.spsurf.com\/en\/#organization","name":"SPSurf","url":"https:\/\/www.spsurf.com\/en\/","logo":{"@type":"ImageObject","inLanguage":"en-US","@id":"https:\/\/www.spsurf.com\/en\/#\/schema\/logo\/image\/","url":"https:\/\/spsurf.com\/custom\/uploads\/2020\/05\/logo.png","contentUrl":"https:\/\/spsurf.com\/custom\/uploads\/2020\/05\/logo.png","width":206,"height":140,"caption":"SPSurf"},"image":{"@id":"https:\/\/www.spsurf.com\/en\/#\/schema\/logo\/image\/"},"sameAs":["https:\/\/www.facebook.com\/SpsStandUpPaddle\/","https:\/\/www.instagram.com\/spsstanduppaddle\/"]}]}},"_links":{"self":[{"href":"https:\/\/spsurf.com\/en\/wp-json\/wp\/v2\/pages\/329"}],"collection":[{"href":"https:\/\/spsurf.com\/en\/wp-json\/wp\/v2\/pages"}],"about":[{"href":"https:\/\/spsurf.com\/en\/wp-json\/wp\/v2\/types\/page"}],"author":[{"embeddable":true,"href":"https:\/\/spsurf.com\/en\/wp-json\/wp\/v2\/users\/1"}],"replies":[{"embeddable":true,"href":"https:\/\/spsurf.com\/en\/wp-json\/wp\/v2\/comments?post=329"}],"version-history":[{"count":0,"href":"https:\/\/spsurf.com\/en\/wp-json\/wp\/v2\/pages\/329\/revisions"}],"wp:attachment":[{"href":"https:\/\/spsurf.com\/en\/wp-json\/wp\/v2\/media?parent=329"}],"curies":[{"name":"wp","href":"https:\/\/api.w.org\/{rel}","templated":true}]}}