{"id":5143,"date":"2020-04-29T14:08:03","date_gmt":"2020-04-29T14:08:03","guid":{"rendered":"https:\/\/www.spsurf.com\/aviso-legal\/"},"modified":"2022-06-14T08:18:33","modified_gmt":"2022-06-14T08:18:33","slug":"nota-legale","status":"publish","type":"page","link":"https:\/\/spsurf.com\/it\/nota-legale\/","title":{"rendered":"Nota legale"},"content":{"rendered":"<p>In ottemperanza alla Legge 34\/2002, dell&#8217;11 luglio, sui Servizi della Societ\u00e0 dell&#8217;Informazione e del Commercio Elettronico (LSSI-CE), STANDUP PADDLE SURF DISTRIBUTION S.L. informa di essere titolare del sito web\u00a0<a href=\"http:\/\/www.spsurf.com\/\">WWW.SPSURF.COM.<\/a>.\u00a0In conformit\u00e0 con il requisito dell&#8217;articolo 10 della suddetta legge, STANDUP PADDLE SURF DISTRIBUTION S.L. riporta i seguenti dati:<\/p>\n<p>Il proprietario di questo sito web \u00e8 STANDUP PADDLE SURF DISTRIBUTION S.L., con CIF B67342246 e sede legale in MAJOR DE SARRI\u00c0, 175 08017, BARCELLONA, iscritta al Registro Mercantile, volume 46672, pagina 139, Sezione 8, pagina 527295, e registrazione 3982 L&#8217;indirizzo email per contattare l&#8217;azienda \u00e8: <a href=\"mailto:COMERCIAL@SPSURF.COM\">COMERCIAL@SPSURF.COM.<\/a><\/p>\n<p>&nbsp;<\/p>\n<h3>Regime dell&#8217;utente e delle responsabilit\u00e0<\/h3>\n<p>La navigazione, l&#8217;accesso e l&#8217;utilizzo dello STANDUP PADDLE SURF DISTRIBUTION S.L. conferisce la condizione di utente, con la quale accetta, dalla navigazione nel sito web di STANDUP PADDLE SURF DISTRIBUTION S.L., tutte le condizioni d&#8217;uso qui stabilite senza pregiudicare l&#8217;applicazione delle corrispondenti norme legali obbligatorie, a seconda dei casi.<\/p>\n<p>La STANDUP PADDLE SURF DISTRIBUTION S.L. fornisce un&#8217;ampia variet\u00e0 di informazioni, servizi e dati. L&#8217;utente si assume la responsabilit\u00e0 del corretto utilizzo del sito web. Questa responsabilit\u00e0 si estender\u00e0 a:<\/p>\n<ul>\n<li>La veridicit\u00e0 e liceit\u00e0 delle informazioni fornite dall&#8217;utente nei moduli emessi da STANDUP PADDLE SURF DISTRIBUTION S.L. per l&#8217;accesso a determinati contenuti o servizi da essa offerti<\/li>\n<li>L&#8217;utilizzo delle informazioni, dei servizi e dei dati offerti da STANDUP PADDLE SURF DISTRIBUTION S.L. Contrariamente a quanto previsto dalle presenti condizioni, dalla Legge, dal buon costume, dal buon costume o dall&#8217;ordine pubblico, o che in qualsiasi altro modo possano comportare lesione dei diritti di terzi o del funzionamento del sito<\/li>\n<\/ul>\n<p>&nbsp;<\/p>\n<h3>Link Politica e Disclaimer<\/h3>\n<p>STANDUP PADDLE SURF DISTRIBUTION S.L. non \u00e8 responsabile del contenuto dei siti web ai quali l&#8217;utente pu\u00f2 accedere tramite i link predisposti sul proprio sito e dichiara che in nessun caso proceder\u00e0 ad esaminare o esercitare alcun tipo di controllo sui contenuti di altri siti della rete. Allo stesso modo, non garantir\u00e0 la disponibilit\u00e0 tecnica, l&#8217;accuratezza, la veridicit\u00e0, la validit\u00e0 o la liceit\u00e0 di siti esterni alla sua propriet\u00e0 ai quali \u00e8 possibile accedere tramite i collegamenti.<\/p>\n<p>STANDUP PADDLE SURF DISTRIBUTION S.L. dichiara di aver adottato tutte le misure necessarie per evitare agli utenti del proprio sito web eventuali danni che possano derivare dalla navigazione sul proprio sito web. Di conseguenza, STANDUP PADDLE SURF DISTRIBUTION S.L. non \u00e8, in ogni caso, responsabile per eventuali danni che l&#8217;utente dovesse subire durante la navigazione in Internet.<\/p>\n<p>&nbsp;<\/p>\n<h3>Modifiche<\/h3>\n<p>STANDUP PADDLE SURF DISTRIBUTION S.L. si riserva il diritto di apportare le modifiche che ritiene opportune, senza preavviso, al contenuto del proprio sito web. Sia in relazione ai contenuti del sito web, sia nelle sue condizioni di utilizzo, sia nelle condizioni generali di contratto. Tali modifiche possono essere apportate attraverso il proprio sito web con qualsiasi forma legalmente ammissibile e saranno obbligatorie nel momento della loro pubblicazione sul sito e fino a quando non saranno validamente modificate da quelle successive.<\/p>\n<p>&nbsp;<\/p>\n<h3>Servizi di reclutamento online<\/h3>\n<p>Alcuni contenuti del sito web di STANDUP PADDLE SURF DISTRIBUTION S.L. contenere la possibilit\u00e0 di contrarre tramite Internet. L&#8217;utilizzo degli stessi richieder\u00e0 la lettura e l&#8217;accettazione obbligatoria delle condizioni generali di contratto stabilite a tal fine da STANDUP PADDLE SURF DISTRIBUTION S.L.<\/p>\n<p>&nbsp;<\/p>\n<h3>Protezione dati<\/h3>\n<p>In conformit\u00e0 con le disposizioni della normativa vigente in materia di Protezione dei Dati Personali, La informiamo che i Suoi dati saranno inseriti nel sistema di trattamento di propriet\u00e0 di STANDUP PADDLE SURF DISTRIBUTION S.L. con CIF B67342246 e sede legale in MAJOR DE SARRI\u00c0, 175 08017, BARCELLONA, al fine di facilitare, accelerare e adempiere agli impegni assunti tra le parti. In ottemperanza alle normative vigenti, STANDUP PADDLE SURF DISTRIBUTION S.L. informa che i dati saranno conservati per il periodo strettamente necessario all&#8217;osservanza delle prescrizioni sopra richiamate.<\/p>\n<p>La informiamo che il trattamento dei Suoi dati \u00e8 legittimato dal Suo consenso e\/o dal rapporto contrattuale che abbiamo con Lei.<\/p>\n<p>STANDUP PADDLE SURF DISTRIBUTION S.L. informa che proceder\u00e0 a trattare i dati in modo lecito, leale, trasparente, adeguato, pertinente, limitato, esatto e aggiornato. Ecco perch\u00e9 STANDUP PADDLE SURF DISTRIBUTION S.L. si impegna ad adottare tutte le misure ragionevoli affinch\u00e9 queste siano cancellate o rettificate senza indugio quando sono imprecise.<\/p>\n<p>In conformit\u00e0 ai diritti conferiti dalla vigente normativa in materia di protezione dei dati, Lei potr\u00e0 esercitare i diritti di accesso, rettifica, limitazione del trattamento, cancellazione, portabilit\u00e0 e opposizione al trattamento dei Suoi dati personali nonch\u00e9 il consenso prestato per il trattamento. lo stesso, indirizzando la tua richiesta all&#8217;indirizzo postale sopra indicato o all&#8217;e-mail\u00a0<a href=\"mailto:COMERCIAL@SPSURF.COM\">COMERCIAL@SPSURF.COM.<\/a><\/p>\n<p>Puoi rivolgerti all&#8217;Autorit\u00e0 di controllo competente per presentare l&#8217;istanza che ritieni opportuna.<\/p>\n<h3>Certificato SSL (Secure Sockets Layer)<\/h3>\n<p>Il CERTIFICATO SSL fornisce autenticazione, privacy e sicurezza delle informazioni tra STANDUP PADDLE SURF DISTRIBUTION S.L. e l&#8217;utente.<\/p>\n<p>STANDUP PADDLE SURF DISTRIBUTION S.L. dispone di un certificato di sicurezza che viene utilizzato da SSL CERTIFICATE per effettuare connessioni sicure.<\/p>\n<p>In questo processo vengono stabiliti diversi parametri per effettuare la connessione in modo sicuro e viene stabilita utilizzando chiavi prestabilite, codificando e decodificando tutti i dati inviati fino alla chiusura della connessione.<\/p>\n<h3>Propriet\u00e0 intellettuale e industriale<\/h3>\n<p><strong>\u00a0<\/strong>STANDUP PADDLE SURF DISTRIBUTION S.L. da solo o in qualit\u00e0 di cessionario, \u00e8 titolare di tutti i diritti di propriet\u00e0 intellettuale e industriale del proprio sito web, nonch\u00e9 degli elementi in esso contenuti (a titolo esemplificativo, immagini, suoni, audio, video, software o testi; marchi o loghi, combinazioni di colori, struttura e design, selezione dei materiali utilizzati, programmi informatici necessari per il suo funzionamento, accesso e utilizzo, ecc.), di propriet\u00e0 di STANDUP PADDLE SURF DISTRIBUTION S.L.. Saranno quindi opere protette come propriet\u00e0 intellettuale dall&#8217;ordinamento giuridico spagnolo, essendo applicabili sia le normative spagnole e comunitarie in materia, sia i trattati internazionali in materia e firmati dalla Spagna.<\/p>\n<p>Tutti i diritti riservati. In virt\u00f9 delle disposizioni della Legge sulla Propriet\u00e0 Intellettuale, sono espressamente vietate la riproduzione, distribuzione e comunicazione pubblica, ivi compresa la modalit\u00e0 di messa a disposizione, di tutto o parte dei contenuti di questo sito web, a fini commerciali, in qualsiasi supporto e con qualsiasi mezzo tecnico, senza l&#8217;autorizzazione di STANDUP PADDLE SURF DISTRIBUTION S.L..<\/p>\n<p>L&#8217;utente si impegna a rispettare i diritti di propriet\u00e0 intellettuale e industriale di propriet\u00e0 di STANDUP PADDLE SURF DISTRIBUTION S.L. \u00c8 possibile visualizzare gli elementi del portale e persino stamparli, copiarli e archiviarli sul disco rigido del proprio computer o su qualsiasi altro supporto fisico purch\u00e9, solo ed esclusivamente, per il tuo uso personale e privato. L&#8217;utente deve astenersi dall&#8217;eliminare, alterare, eludere o manipolare qualsiasi dispositivo di protezione o sistema di sicurezza che sia stato installato sulle pagine di STANDUP PADDLE SURF DISTRIBUTION S.L.<\/p>\n<h3>Azioni legali, diritto applicabile e giurisdizione<\/h3>\n<p><strong>\u00a0<\/strong>STANDUP PADDLE SURF DISTRIBUTION S.L. Allo stesso modo, si riserva il diritto di proporre azioni civili o penali che ritenga appropriate per l&#8217;uso improprio del proprio sito Web e dei suoi contenuti, o per la violazione di queste condizioni.<\/p>\n<p>Il rapporto tra l&#8217;utente e il fornitore sar\u00e0 regolato dalle normative vigenti e applicabili nel territorio spagnolo. In caso di controversia, le parti possono sottoporre i loro conflitti ad arbitrato o adire la giurisdizione ordinaria, rispettando le regole di giurisdizione e competenza al riguardo. STANDUP PADDLE SURF DISTRIBUTION S.L. \u00e8 domiciliato a BARCELLONA, Spagna.<\/p>\n","protected":false},"excerpt":{"rendered":"<p>In ottemperanza alla Legge 34\/2002, dell&#8217;11 luglio, sui Servizi della Societ\u00e0 dell&#8217;Informazione e del Commercio Elettronico (LSSI-CE), STANDUP PADDLE SURF DISTRIBUTION S.L. informa di essere titolare del sito web\u00a0WWW.SPSURF.COM..\u00a0In conformit\u00e0 con il requisito dell&#8217;articolo 10 della suddetta legge, STANDUP PADDLE SURF DISTRIBUTION S.L. riporta i seguenti dati: Il proprietario di questo sito web \u00e8 STANDUP [&hellip;]<\/p>\n","protected":false},"author":1,"featured_media":0,"parent":0,"menu_order":0,"comment_status":"closed","ping_status":"closed","template":"","meta":{"_acf_changed":false,"footnotes":""},"class_list":["post-5143","page","type-page","status-publish","hentry"],"acf":[],"yoast_head":"<!-- This site is optimized with the Yoast SEO plugin v23.1 - https:\/\/yoast.com\/wordpress\/plugins\/seo\/ -->\n<title>Nota legale | SPS SURF<\/title>\n<meta name=\"robots\" content=\"index, follow, max-snippet:-1, max-image-preview:large, max-video-preview:-1\" \/>\n<link rel=\"canonical\" href=\"https:\/\/spsurf.com\/it\/nota-legale\/\" \/>\n<meta property=\"og:locale\" content=\"it_IT\" \/>\n<meta property=\"og:type\" content=\"article\" \/>\n<meta property=\"og:title\" content=\"Nota legale | SPS SURF\" \/>\n<meta property=\"og:description\" content=\"In ottemperanza alla Legge 34\/2002, dell&#8217;11 luglio, sui Servizi della Societ\u00e0 dell&#8217;Informazione e del Commercio Elettronico (LSSI-CE), STANDUP PADDLE SURF DISTRIBUTION S.L. informa di essere titolare del sito web\u00a0WWW.SPSURF.COM..\u00a0In conformit\u00e0 con il requisito dell&#8217;articolo 10 della suddetta legge, STANDUP PADDLE SURF DISTRIBUTION S.L. riporta i seguenti dati: Il proprietario di questo sito web \u00e8 STANDUP [&hellip;]\" \/>\n<meta property=\"og:url\" content=\"https:\/\/spsurf.com\/it\/nota-legale\/\" \/>\n<meta property=\"og:site_name\" content=\"SPS SURF\" \/>\n<meta property=\"article:publisher\" content=\"https:\/\/www.facebook.com\/SpsStandUpPaddle\/\" \/>\n<meta property=\"article:modified_time\" content=\"2022-06-14T08:18:33+00:00\" \/>\n<meta name=\"twitter:card\" content=\"summary_large_image\" \/>\n<meta name=\"twitter:label1\" content=\"Est. reading time\" \/>\n\t<meta name=\"twitter:data1\" content=\"6 minutes\" \/>\n<script type=\"application\/ld+json\" class=\"yoast-schema-graph\">{\"@context\":\"https:\/\/schema.org\",\"@graph\":[{\"@type\":\"WebPage\",\"@id\":\"https:\/\/spsurf.com\/it\/nota-legale\/\",\"url\":\"https:\/\/spsurf.com\/it\/nota-legale\/\",\"name\":\"Nota legale | SPS SURF\",\"isPartOf\":{\"@id\":\"https:\/\/www.spsurf.com\/it\/#website\"},\"datePublished\":\"2020-04-29T14:08:03+00:00\",\"dateModified\":\"2022-06-14T08:18:33+00:00\",\"breadcrumb\":{\"@id\":\"https:\/\/spsurf.com\/it\/nota-legale\/#breadcrumb\"},\"inLanguage\":\"it-IT\",\"potentialAction\":[{\"@type\":\"ReadAction\",\"target\":[\"https:\/\/spsurf.com\/it\/nota-legale\/\"]}]},{\"@type\":\"BreadcrumbList\",\"@id\":\"https:\/\/spsurf.com\/it\/nota-legale\/#breadcrumb\",\"itemListElement\":[{\"@type\":\"ListItem\",\"position\":1,\"name\":\"Portada\",\"item\":\"https:\/\/spsurf.com\/it\/\"},{\"@type\":\"ListItem\",\"position\":2,\"name\":\"Nota legale\"}]},{\"@type\":\"WebSite\",\"@id\":\"https:\/\/www.spsurf.com\/it\/#website\",\"url\":\"https:\/\/www.spsurf.com\/it\/\",\"name\":\"SPS SURF\",\"description\":\"Otro sitio realizado con WordPress\",\"publisher\":{\"@id\":\"https:\/\/www.spsurf.com\/it\/#organization\"},\"potentialAction\":[{\"@type\":\"SearchAction\",\"target\":{\"@type\":\"EntryPoint\",\"urlTemplate\":\"https:\/\/www.spsurf.com\/it\/?s={search_term_string}\"},\"query-input\":\"required name=search_term_string\"}],\"inLanguage\":\"it-IT\"},{\"@type\":\"Organization\",\"@id\":\"https:\/\/www.spsurf.com\/it\/#organization\",\"name\":\"SPSurf\",\"url\":\"https:\/\/www.spsurf.com\/it\/\",\"logo\":{\"@type\":\"ImageObject\",\"inLanguage\":\"it-IT\",\"@id\":\"https:\/\/www.spsurf.com\/it\/#\/schema\/logo\/image\/\",\"url\":\"https:\/\/spsurf.com\/custom\/uploads\/2020\/05\/logo.png\",\"contentUrl\":\"https:\/\/spsurf.com\/custom\/uploads\/2020\/05\/logo.png\",\"width\":206,\"height\":140,\"caption\":\"SPSurf\"},\"image\":{\"@id\":\"https:\/\/www.spsurf.com\/it\/#\/schema\/logo\/image\/\"},\"sameAs\":[\"https:\/\/www.facebook.com\/SpsStandUpPaddle\/\",\"https:\/\/www.instagram.com\/spsstanduppaddle\/\"]}]}<\/script>\n<!-- \/ Yoast SEO plugin. -->","yoast_head_json":{"title":"Nota legale | SPS SURF","robots":{"index":"index","follow":"follow","max-snippet":"max-snippet:-1","max-image-preview":"max-image-preview:large","max-video-preview":"max-video-preview:-1"},"canonical":"https:\/\/spsurf.com\/it\/nota-legale\/","og_locale":"it_IT","og_type":"article","og_title":"Nota legale | SPS SURF","og_description":"In ottemperanza alla Legge 34\/2002, dell&#8217;11 luglio, sui Servizi della Societ\u00e0 dell&#8217;Informazione e del Commercio Elettronico (LSSI-CE), STANDUP PADDLE SURF DISTRIBUTION S.L. informa di essere titolare del sito web\u00a0WWW.SPSURF.COM..\u00a0In conformit\u00e0 con il requisito dell&#8217;articolo 10 della suddetta legge, STANDUP PADDLE SURF DISTRIBUTION S.L. riporta i seguenti dati: Il proprietario di questo sito web \u00e8 STANDUP [&hellip;]","og_url":"https:\/\/spsurf.com\/it\/nota-legale\/","og_site_name":"SPS SURF","article_publisher":"https:\/\/www.facebook.com\/SpsStandUpPaddle\/","article_modified_time":"2022-06-14T08:18:33+00:00","twitter_card":"summary_large_image","twitter_misc":{"Est. reading time":"6 minutes"},"schema":{"@context":"https:\/\/schema.org","@graph":[{"@type":"WebPage","@id":"https:\/\/spsurf.com\/it\/nota-legale\/","url":"https:\/\/spsurf.com\/it\/nota-legale\/","name":"Nota legale | SPS SURF","isPartOf":{"@id":"https:\/\/www.spsurf.com\/it\/#website"},"datePublished":"2020-04-29T14:08:03+00:00","dateModified":"2022-06-14T08:18:33+00:00","breadcrumb":{"@id":"https:\/\/spsurf.com\/it\/nota-legale\/#breadcrumb"},"inLanguage":"it-IT","potentialAction":[{"@type":"ReadAction","target":["https:\/\/spsurf.com\/it\/nota-legale\/"]}]},{"@type":"BreadcrumbList","@id":"https:\/\/spsurf.com\/it\/nota-legale\/#breadcrumb","itemListElement":[{"@type":"ListItem","position":1,"name":"Portada","item":"https:\/\/spsurf.com\/it\/"},{"@type":"ListItem","position":2,"name":"Nota legale"}]},{"@type":"WebSite","@id":"https:\/\/www.spsurf.com\/it\/#website","url":"https:\/\/www.spsurf.com\/it\/","name":"SPS SURF","description":"Otro sitio realizado con WordPress","publisher":{"@id":"https:\/\/www.spsurf.com\/it\/#organization"},"potentialAction":[{"@type":"SearchAction","target":{"@type":"EntryPoint","urlTemplate":"https:\/\/www.spsurf.com\/it\/?s={search_term_string}"},"query-input":"required name=search_term_string"}],"inLanguage":"it-IT"},{"@type":"Organization","@id":"https:\/\/www.spsurf.com\/it\/#organization","name":"SPSurf","url":"https:\/\/www.spsurf.com\/it\/","logo":{"@type":"ImageObject","inLanguage":"it-IT","@id":"https:\/\/www.spsurf.com\/it\/#\/schema\/logo\/image\/","url":"https:\/\/spsurf.com\/custom\/uploads\/2020\/05\/logo.png","contentUrl":"https:\/\/spsurf.com\/custom\/uploads\/2020\/05\/logo.png","width":206,"height":140,"caption":"SPSurf"},"image":{"@id":"https:\/\/www.spsurf.com\/it\/#\/schema\/logo\/image\/"},"sameAs":["https:\/\/www.facebook.com\/SpsStandUpPaddle\/","https:\/\/www.instagram.com\/spsstanduppaddle\/"]}]}},"_links":{"self":[{"href":"https:\/\/spsurf.com\/it\/wp-json\/wp\/v2\/pages\/5143"}],"collection":[{"href":"https:\/\/spsurf.com\/it\/wp-json\/wp\/v2\/pages"}],"about":[{"href":"https:\/\/spsurf.com\/it\/wp-json\/wp\/v2\/types\/page"}],"author":[{"embeddable":true,"href":"https:\/\/spsurf.com\/it\/wp-json\/wp\/v2\/users\/1"}],"replies":[{"embeddable":true,"href":"https:\/\/spsurf.com\/it\/wp-json\/wp\/v2\/comments?post=5143"}],"version-history":[{"count":0,"href":"https:\/\/spsurf.com\/it\/wp-json\/wp\/v2\/pages\/5143\/revisions"}],"wp:attachment":[{"href":"https:\/\/spsurf.com\/it\/wp-json\/wp\/v2\/media?parent=5143"}],"curies":[{"name":"wp","href":"https:\/\/api.w.org\/{rel}","templated":true}]}}