{"id":5148,"date":"2020-04-29T14:22:19","date_gmt":"2020-04-29T14:22:19","guid":{"rendered":"https:\/\/www.spsurf.com\/proteccion-datos-rrss\/"},"modified":"2022-06-14T08:26:30","modified_gmt":"2022-06-14T08:26:30","slug":"protezione-dei-dati-rss","status":"publish","type":"page","link":"https:\/\/spsurf.com\/it\/protezione-dei-dati-rss\/","title":{"rendered":"Protezione dei dati RSS"},"content":{"rendered":"<p>In conformit\u00e0 con le disposizioni della normativa vigente e applicabile sulla protezione dei dati personali (RGPD) e della legge 34\/2002, dell&#8217;11 luglio, sui servizi della societ\u00e0 dell&#8217;informazione e del commercio elettronico (LSSI-CE), STANDUP PADDLE SURF DISTRIBUTION S.L. informa gli utenti di aver provveduto alla creazione di un profilo sui Social Network Facebook, Twitter, Instagram, con lo scopo principale di pubblicizzare i propri prodotti e servizi.<\/p>\n<p>Dati di STANDUP PADDLE SURF DISTRIBUTION S.L.:<\/p>\n<ul>\n<li>CIF: B67342246<\/li>\n<li>INDIRIZZO: MAJOR DE SARRI\u00c0, 175 08017, BARCELONA<\/li>\n<li>E-MAIL:\u00a0<a href=\"mailto:COMERCIAL@SPSURF.COM\">COMERCIAL@SPSURF.COM<\/a><\/li>\n<li>WEB:\u00a0<a href=\"http:\/\/www.spsurf.com\/\">SPSURF.COM<\/a><\/li>\n<\/ul>\n<p>L&#8217;utente ha un profilo sullo stesso Social Network e ha deciso di iscriversi alla pagina creata da STANDUP PADDLE SURF DISTRIBUTION S.L., mostrando cos\u00ec interesse per le informazioni che vengono pubblicate sulla Rete. Iscrivendoti alla nostra pagina, ci dai il tuo consenso al trattamento dei dati personali pubblicati nel tuo profilo.<\/p>\n<p>L&#8217;utente pu\u00f2 accedere in qualsiasi momento alle politiche sulla privacy del Social Network stesso, nonch\u00e9 configurare il proprio profilo per garantire la propria privacy.<\/p>\n<p>STANDUP PADDLE SURF DISTRIBUTION S.L. ha accesso e tratta le informazioni pubbliche dell&#8217;utente, in particolare il suo nome di contatto. Questi dati vengono utilizzati solo all&#8217;interno del Social Network stesso. Non sono incorporati in nessun sistema di trattamento.<\/p>\n<p>In relazione ai diritti di accesso, rettifica, limitazione del trattamento, cancellazione, portabilit\u00e0 e opposizione al trattamento dei tuoi dati personali che hai e che possono essere esercitati prima di STANDUP PADDLE SURF DISTRIBUTION S.L., in conformit\u00e0 con il RGPD, dovresti prendere tenere conto delle seguenti sfumature:<\/p>\n<ul>\n<li>Diritto di accesso: E&#8217; diritto dell&#8217;utente ottenere informazioni circa i propri dati personali specifici e il trattamento che \u00e8 stato effettuato o effettuato, nonch\u00e9 le informazioni disponibili sull&#8217;origine di tali dati e le comunicazioni effettuate o pianificate da gli utenti.<\/li>\n<li>Diritto di rettifica: \u00e8 diritto dell&#8217;interessato modificare i dati che si rivelano inesatti o incompleti. Pu\u00f2 essere soddisfatto solo in relazione a quelle informazioni che sono sotto il controllo di STANDUP PADDLE SURF DISTRIBUTION S.L., ad esempio, eliminare i commenti pubblicati sulla pagina stessa, immagini o contenuti web in cui sono contenuti dati personali dell&#8217;utente.<\/li>\n<li>Diritto alla limitazione del trattamento: E&#8217; il diritto di limitare le finalit\u00e0 del trattamento originariamente previste dal responsabile del trattamento.<\/li>\n<li>Diritto di Cancellazione: E&#8217; il diritto di cancellare i dati personali dell&#8217;utente, salvo quanto previsto dal RGPD stesso o da altra normativa applicabile che determini l&#8217;obbligo di conservarli, nel tempo e<\/li>\n<li>Diritto alla portabilit\u00e0: Il diritto di ricevere i dati personali che l&#8217;utente ha fornito, in un formato strutturato, per uso comune e lettura meccanica, e di trasmetterli a un altro<\/li>\n<li>Diritto di opposizione: \u00e8 diritto dell&#8217;utente a non effettuare il trattamento dei propri dati personali o a cessarne il trattamento da parte di STANDUP PADDLE SURF DISTRIBUTION L.<\/li>\n<\/ul>\n<p>STANDUP PADDLE SURF DISTRIBUTION S.L. effettuer\u00e0 le seguenti azioni:<\/p>\n<ul>\n<li>Accesso alle informazioni pubbliche<\/li>\n<li>Pubblicazione nel profilo utente di tutte le informazioni gi\u00e0 pubblicate nella pagina di STANDUP PADDLE SURF DISTRIBUTION L..<\/li>\n<li>Invia messaggi personali e individuali attraverso i canali della Rete<\/li>\n<li>Aggiornamenti dello stato della pagina da pubblicare sul profilo dell&#8217;utente<\/li>\n<\/ul>\n<p>L&#8217;utente pu\u00f2 sempre controllare le proprie connessioni, eliminare i contenuti che non gli interessano pi\u00f9 e limitare le persone con cui condividono le proprie connessioni, per questo deve accedere alle proprie impostazioni sulla privacy.<\/p>\n<h3>Pubblicazioni<\/h3>\n<p><strong>\u00a0<\/strong>L&#8217;utente, una volta collegato alla pagina STANDUP PADDLE SURF DISTRIBUTION S.L., pu\u00f2 inserire su quest&#8217;ultima commenti, collegamenti, immagini o fotografie o qualsiasi altro tipo di contenuto multimediale supportato dal Social Network. L&#8217;utente, in ogni caso, deve essere titolare dello stesso, godere dei diritti d&#8217;autore e della propriet\u00e0 intellettuale o avere il consenso dei terzi interessati. \u00c8 espressamente vietata qualsiasi pubblicazione sulla pagina, sia essa testo, grafica, fotografie, video, ecc. che violano o possono violare la moralit\u00e0, l&#8217;etica, il buon gusto o il decoro e\/o che violano, violano o violano i diritti di propriet\u00e0 intellettuale o industriale, il diritto all&#8217;immagine o la legge.In questi casi, STANDUP PADDLE SURF DISTRIBUTION S.L. si riserva il diritto di rimuovere immediatamente il contenuto e pu\u00f2 richiedere il blocco permanente dell&#8217;utente.<\/p>\n<p>STANDUP PADDLE SURF DISTRIBUTION S.L. non sar\u00e0 ritenuto responsabile per i contenuti che un utente ha pubblicato liberamente.<\/p>\n<p>L&#8217;utente deve tenere presente che le sue pubblicazioni saranno conosciute da altri utenti, di cui lui stesso \u00e8 il principale responsabile della propria privacy.<\/p>\n<p>Le immagini che possono essere pubblicate sulla pagina non verranno archiviate in alcun sistema di trattamento da parte di STANDUP PADDLE SURF DISTRIBUTION S.L., ma rimarranno sul Social Network.<\/p>\n<h3>Concorsi e promozioni<\/h3>\n<p><strong>\u00a0<\/strong>STANDUP PADDLE SURF DISTRIBUTION S.L. si riserva il diritto di realizzare concorsi e promozioni, a cui l&#8217;utente collegato alla propria pagina pu\u00f2 partecipare. In essa verranno pubblicate le basi di ciascuno di essi, quando verr\u00e0 utilizzata la piattaforma Social Network. Sempre nel rispetto della LSSI-CE e di ogni altra normativa applicabile.<\/p>\n<p>Il Social Network non sponsorizza, sostiene o amministra, in alcun modo, nessuna delle nostre promozioni, n\u00e9 \u00e8 associato a nessuna di esse.<\/p>\n<h3>Pubblicit\u00e0<\/h3>\n<p><strong>\u00a0<\/strong>STANDUP PADDLE SURF DISTRIBUTION S.L. utilizzer\u00e0 il Social Network per pubblicizzare i propri prodotti e servizi, in ogni caso, se deciderai di trattare i tuoi dati di contatto per svolgere azioni di prospezione commerciale diretta, sar\u00e0 sempre conforme ai requisiti legali del RGPD e della LSSI-CE .<\/p>\n<p>Consigliare la pagina di STANDUP PADDLE SURF DISTRIBUTION S.L. ad altri utenti non sar\u00e0 considerato pubblicit\u00e0. in modo che anche loro possano godere delle promozioni o essere informati della loro attivit\u00e0.<\/p>\n<p>Di seguito dettagliamo il link alla privacy policy del Social Network:<\/p>\n<ul>\n<li>Facebook:\u00a0<a href=\"https:\/\/www.facebook.com\/help\/323540651073243\/\">https:\/\/www.facebook.com\/help\/323540651073243\/<\/a><\/li>\n<li>Twitter:\u00a0<a href=\"https:\/\/twitter.com\/privacy\">https:\/\/twitter.com\/privacy<\/a><\/li>\n<li>Instagram:\u00a0<a href=\"http:\/\/instagram.com\/about\/legal\/privacy\/\">http:\/\/instagram.com\/about\/legal\/privacy\/<\/a><\/li>\n<\/ul>\n","protected":false},"excerpt":{"rendered":"<p>In conformit\u00e0 con le disposizioni della normativa vigente e applicabile sulla protezione dei dati personali (RGPD) e della legge 34\/2002, dell&#8217;11 luglio, sui servizi della societ\u00e0 dell&#8217;informazione e del commercio elettronico (LSSI-CE), STANDUP PADDLE SURF DISTRIBUTION S.L. informa gli utenti di aver provveduto alla creazione di un profilo sui Social Network Facebook, Twitter, Instagram, con [&hellip;]<\/p>\n","protected":false},"author":1,"featured_media":0,"parent":0,"menu_order":0,"comment_status":"closed","ping_status":"closed","template":"","meta":{"_acf_changed":false,"footnotes":""},"class_list":["post-5148","page","type-page","status-publish","hentry"],"acf":[],"yoast_head":"<!-- This site is optimized with the Yoast SEO plugin v23.1 - https:\/\/yoast.com\/wordpress\/plugins\/seo\/ -->\n<title>Protezione dei dati RSS | SPS SURF<\/title>\n<meta name=\"robots\" content=\"index, follow, max-snippet:-1, max-image-preview:large, max-video-preview:-1\" \/>\n<link rel=\"canonical\" href=\"https:\/\/spsurf.com\/it\/protezione-dei-dati-rss\/\" \/>\n<meta property=\"og:locale\" content=\"it_IT\" \/>\n<meta property=\"og:type\" content=\"article\" \/>\n<meta property=\"og:title\" content=\"Protezione dei dati RSS | SPS SURF\" \/>\n<meta property=\"og:description\" content=\"In conformit\u00e0 con le disposizioni della normativa vigente e applicabile sulla protezione dei dati personali (RGPD) e della legge 34\/2002, dell&#8217;11 luglio, sui servizi della societ\u00e0 dell&#8217;informazione e del commercio elettronico (LSSI-CE), STANDUP PADDLE SURF DISTRIBUTION S.L. informa gli utenti di aver provveduto alla creazione di un profilo sui Social Network Facebook, Twitter, Instagram, con [&hellip;]\" \/>\n<meta property=\"og:url\" content=\"https:\/\/spsurf.com\/it\/protezione-dei-dati-rss\/\" \/>\n<meta property=\"og:site_name\" content=\"SPS SURF\" \/>\n<meta property=\"article:publisher\" content=\"https:\/\/www.facebook.com\/SpsStandUpPaddle\/\" \/>\n<meta property=\"article:modified_time\" content=\"2022-06-14T08:26:30+00:00\" \/>\n<meta name=\"twitter:card\" content=\"summary_large_image\" \/>\n<meta name=\"twitter:label1\" content=\"Est. reading time\" \/>\n\t<meta name=\"twitter:data1\" content=\"5 minutes\" \/>\n<script type=\"application\/ld+json\" class=\"yoast-schema-graph\">{\"@context\":\"https:\/\/schema.org\",\"@graph\":[{\"@type\":\"WebPage\",\"@id\":\"https:\/\/spsurf.com\/it\/protezione-dei-dati-rss\/\",\"url\":\"https:\/\/spsurf.com\/it\/protezione-dei-dati-rss\/\",\"name\":\"Protezione dei dati RSS | SPS SURF\",\"isPartOf\":{\"@id\":\"https:\/\/www.spsurf.com\/it\/#website\"},\"datePublished\":\"2020-04-29T14:22:19+00:00\",\"dateModified\":\"2022-06-14T08:26:30+00:00\",\"breadcrumb\":{\"@id\":\"https:\/\/spsurf.com\/it\/protezione-dei-dati-rss\/#breadcrumb\"},\"inLanguage\":\"it-IT\",\"potentialAction\":[{\"@type\":\"ReadAction\",\"target\":[\"https:\/\/spsurf.com\/it\/protezione-dei-dati-rss\/\"]}]},{\"@type\":\"BreadcrumbList\",\"@id\":\"https:\/\/spsurf.com\/it\/protezione-dei-dati-rss\/#breadcrumb\",\"itemListElement\":[{\"@type\":\"ListItem\",\"position\":1,\"name\":\"Portada\",\"item\":\"https:\/\/spsurf.com\/it\/\"},{\"@type\":\"ListItem\",\"position\":2,\"name\":\"Protezione dei dati RSS\"}]},{\"@type\":\"WebSite\",\"@id\":\"https:\/\/www.spsurf.com\/it\/#website\",\"url\":\"https:\/\/www.spsurf.com\/it\/\",\"name\":\"SPS SURF\",\"description\":\"Otro sitio realizado con WordPress\",\"publisher\":{\"@id\":\"https:\/\/www.spsurf.com\/it\/#organization\"},\"potentialAction\":[{\"@type\":\"SearchAction\",\"target\":{\"@type\":\"EntryPoint\",\"urlTemplate\":\"https:\/\/www.spsurf.com\/it\/?s={search_term_string}\"},\"query-input\":\"required name=search_term_string\"}],\"inLanguage\":\"it-IT\"},{\"@type\":\"Organization\",\"@id\":\"https:\/\/www.spsurf.com\/it\/#organization\",\"name\":\"SPSurf\",\"url\":\"https:\/\/www.spsurf.com\/it\/\",\"logo\":{\"@type\":\"ImageObject\",\"inLanguage\":\"it-IT\",\"@id\":\"https:\/\/www.spsurf.com\/it\/#\/schema\/logo\/image\/\",\"url\":\"https:\/\/spsurf.com\/custom\/uploads\/2020\/05\/logo.png\",\"contentUrl\":\"https:\/\/spsurf.com\/custom\/uploads\/2020\/05\/logo.png\",\"width\":206,\"height\":140,\"caption\":\"SPSurf\"},\"image\":{\"@id\":\"https:\/\/www.spsurf.com\/it\/#\/schema\/logo\/image\/\"},\"sameAs\":[\"https:\/\/www.facebook.com\/SpsStandUpPaddle\/\",\"https:\/\/www.instagram.com\/spsstanduppaddle\/\"]}]}<\/script>\n<!-- \/ Yoast SEO plugin. -->","yoast_head_json":{"title":"Protezione dei dati RSS | SPS SURF","robots":{"index":"index","follow":"follow","max-snippet":"max-snippet:-1","max-image-preview":"max-image-preview:large","max-video-preview":"max-video-preview:-1"},"canonical":"https:\/\/spsurf.com\/it\/protezione-dei-dati-rss\/","og_locale":"it_IT","og_type":"article","og_title":"Protezione dei dati RSS | SPS SURF","og_description":"In conformit\u00e0 con le disposizioni della normativa vigente e applicabile sulla protezione dei dati personali (RGPD) e della legge 34\/2002, dell&#8217;11 luglio, sui servizi della societ\u00e0 dell&#8217;informazione e del commercio elettronico (LSSI-CE), STANDUP PADDLE SURF DISTRIBUTION S.L. informa gli utenti di aver provveduto alla creazione di un profilo sui Social Network Facebook, Twitter, Instagram, con [&hellip;]","og_url":"https:\/\/spsurf.com\/it\/protezione-dei-dati-rss\/","og_site_name":"SPS SURF","article_publisher":"https:\/\/www.facebook.com\/SpsStandUpPaddle\/","article_modified_time":"2022-06-14T08:26:30+00:00","twitter_card":"summary_large_image","twitter_misc":{"Est. reading time":"5 minutes"},"schema":{"@context":"https:\/\/schema.org","@graph":[{"@type":"WebPage","@id":"https:\/\/spsurf.com\/it\/protezione-dei-dati-rss\/","url":"https:\/\/spsurf.com\/it\/protezione-dei-dati-rss\/","name":"Protezione dei dati RSS | SPS SURF","isPartOf":{"@id":"https:\/\/www.spsurf.com\/it\/#website"},"datePublished":"2020-04-29T14:22:19+00:00","dateModified":"2022-06-14T08:26:30+00:00","breadcrumb":{"@id":"https:\/\/spsurf.com\/it\/protezione-dei-dati-rss\/#breadcrumb"},"inLanguage":"it-IT","potentialAction":[{"@type":"ReadAction","target":["https:\/\/spsurf.com\/it\/protezione-dei-dati-rss\/"]}]},{"@type":"BreadcrumbList","@id":"https:\/\/spsurf.com\/it\/protezione-dei-dati-rss\/#breadcrumb","itemListElement":[{"@type":"ListItem","position":1,"name":"Portada","item":"https:\/\/spsurf.com\/it\/"},{"@type":"ListItem","position":2,"name":"Protezione dei dati RSS"}]},{"@type":"WebSite","@id":"https:\/\/www.spsurf.com\/it\/#website","url":"https:\/\/www.spsurf.com\/it\/","name":"SPS SURF","description":"Otro sitio realizado con WordPress","publisher":{"@id":"https:\/\/www.spsurf.com\/it\/#organization"},"potentialAction":[{"@type":"SearchAction","target":{"@type":"EntryPoint","urlTemplate":"https:\/\/www.spsurf.com\/it\/?s={search_term_string}"},"query-input":"required name=search_term_string"}],"inLanguage":"it-IT"},{"@type":"Organization","@id":"https:\/\/www.spsurf.com\/it\/#organization","name":"SPSurf","url":"https:\/\/www.spsurf.com\/it\/","logo":{"@type":"ImageObject","inLanguage":"it-IT","@id":"https:\/\/www.spsurf.com\/it\/#\/schema\/logo\/image\/","url":"https:\/\/spsurf.com\/custom\/uploads\/2020\/05\/logo.png","contentUrl":"https:\/\/spsurf.com\/custom\/uploads\/2020\/05\/logo.png","width":206,"height":140,"caption":"SPSurf"},"image":{"@id":"https:\/\/www.spsurf.com\/it\/#\/schema\/logo\/image\/"},"sameAs":["https:\/\/www.facebook.com\/SpsStandUpPaddle\/","https:\/\/www.instagram.com\/spsstanduppaddle\/"]}]}},"_links":{"self":[{"href":"https:\/\/spsurf.com\/it\/wp-json\/wp\/v2\/pages\/5148"}],"collection":[{"href":"https:\/\/spsurf.com\/it\/wp-json\/wp\/v2\/pages"}],"about":[{"href":"https:\/\/spsurf.com\/it\/wp-json\/wp\/v2\/types\/page"}],"author":[{"embeddable":true,"href":"https:\/\/spsurf.com\/it\/wp-json\/wp\/v2\/users\/1"}],"replies":[{"embeddable":true,"href":"https:\/\/spsurf.com\/it\/wp-json\/wp\/v2\/comments?post=5148"}],"version-history":[{"count":0,"href":"https:\/\/spsurf.com\/it\/wp-json\/wp\/v2\/pages\/5148\/revisions"}],"wp:attachment":[{"href":"https:\/\/spsurf.com\/it\/wp-json\/wp\/v2\/media?parent=5148"}],"curies":[{"name":"wp","href":"https:\/\/api.w.org\/{rel}","templated":true}]}}