{"id":5778,"date":"2020-05-01T07:05:11","date_gmt":"2020-05-01T07:05:11","guid":{"rendered":"https:\/\/www.spsurf.com\/tienda-sup\/uncategorized\/fun\/"},"modified":"2025-01-28T21:11:08","modified_gmt":"2025-01-28T21:11:08","slug":"fun","status":"publish","type":"product","link":"https:\/\/spsurf.com\/it\/negozio-sup\/tavole-gonfiabili\/all-round-it\/fun\/","title":{"rendered":"Tavola da paddle SUP FUN SPS 10\u20195\u00d732\u201dx6\u201d Blue"},"content":{"rendered":"","protected":false},"excerpt":{"rendered":"","protected":false},"featured_media":9681,"template":"","meta":{"_acf_changed":false},"product_cat":[223,222],"product_tag":[],"woo-feed-brand":[],"class_list":{"0":"post-5778","1":"product","2":"type-product","3":"status-publish","4":"has-post-thumbnail","6":"product_cat-all-round-it","7":"product_cat-tavole-gonfiabili","8":"product_shipping_class-hinchables-it","10":"first","11":"instock","12":"taxable","13":"shipping-taxable","14":"purchasable","15":"product-type-simple"},"acf":[],"yoast_head":"<!-- This site is optimized with the Yoast SEO plugin v23.1 - https:\/\/yoast.com\/wordpress\/plugins\/seo\/ -->\n<title>Tavola da paddle SUP FUN SPS 10\u20195\u00d732\u201dx6\u201d Blue | SPS SURF<\/title>\n<meta name=\"description\" content=\"Con il modello FUN tutta la famiglia pu\u00f2 divertirsi con il paddle surf. \u00c8 una tavola ideale per i pi\u00f9 piccoli, le loro giornate al mare saranno pi\u00f9 divertenti.\" \/>\n<meta name=\"robots\" content=\"index, follow, max-snippet:-1, max-image-preview:large, max-video-preview:-1\" \/>\n<link rel=\"canonical\" href=\"https:\/\/spsurf.com\/it\/negozio-sup\/tavole-gonfiabili\/all-round-it\/fun\/\" \/>\n<meta property=\"og:locale\" content=\"it_IT\" \/>\n<meta property=\"og:type\" content=\"article\" \/>\n<meta property=\"og:title\" content=\"Tavola da paddle SUP FUN SPS 10\u20195\u00d732\u201dx6\u201d Blue | SPS SURF\" \/>\n<meta property=\"og:description\" content=\"Con il modello FUN tutta la famiglia pu\u00f2 divertirsi con il paddle surf. \u00c8 una tavola ideale per i pi\u00f9 piccoli, le loro giornate al mare saranno pi\u00f9 divertenti.\" \/>\n<meta property=\"og:url\" content=\"https:\/\/spsurf.com\/it\/negozio-sup\/tavole-gonfiabili\/all-round-it\/fun\/\" \/>\n<meta property=\"og:site_name\" content=\"SPS SURF\" \/>\n<meta property=\"article:publisher\" content=\"https:\/\/www.facebook.com\/SpsStandUpPaddle\/\" \/>\n<meta property=\"article:modified_time\" content=\"2025-01-28T21:11:08+00:00\" \/>\n<meta property=\"og:image\" content=\"https:\/\/spsurf.com\/custom\/uploads\/2020\/05\/fun_blue.jpg\" \/>\n\t<meta property=\"og:image:width\" content=\"1500\" \/>\n\t<meta property=\"og:image:height\" content=\"1500\" \/>\n\t<meta property=\"og:image:type\" content=\"image\/jpeg\" \/>\n<meta name=\"twitter:card\" content=\"summary_large_image\" \/>\n<script type=\"application\/ld+json\" class=\"yoast-schema-graph\">{\"@context\":\"https:\/\/schema.org\",\"@graph\":[{\"@type\":\"WebPage\",\"@id\":\"https:\/\/spsurf.com\/it\/negozio-sup\/tavole-gonfiabili\/all-round-it\/fun\/\",\"url\":\"https:\/\/spsurf.com\/it\/negozio-sup\/tavole-gonfiabili\/all-round-it\/fun\/\",\"name\":\"Tavola da paddle SUP FUN SPS 10\u20195\u00d732\u201dx6\u201d Blue | SPS SURF\",\"isPartOf\":{\"@id\":\"https:\/\/www.spsurf.com\/it\/#website\"},\"primaryImageOfPage\":{\"@id\":\"https:\/\/spsurf.com\/it\/negozio-sup\/tavole-gonfiabili\/all-round-it\/fun\/#primaryimage\"},\"image\":{\"@id\":\"https:\/\/spsurf.com\/it\/negozio-sup\/tavole-gonfiabili\/all-round-it\/fun\/#primaryimage\"},\"thumbnailUrl\":\"https:\/\/spsurf.com\/custom\/uploads\/2020\/05\/fun_blue.jpg\",\"datePublished\":\"2020-05-01T07:05:11+00:00\",\"dateModified\":\"2025-01-28T21:11:08+00:00\",\"description\":\"Con il modello FUN tutta la famiglia pu\u00f2 divertirsi con il paddle surf. \u00c8 una tavola ideale per i pi\u00f9 piccoli, le loro giornate al mare saranno pi\u00f9 divertenti.\",\"breadcrumb\":{\"@id\":\"https:\/\/spsurf.com\/it\/negozio-sup\/tavole-gonfiabili\/all-round-it\/fun\/#breadcrumb\"},\"inLanguage\":\"it-IT\",\"potentialAction\":[{\"@type\":\"ReadAction\",\"target\":[\"https:\/\/spsurf.com\/it\/negozio-sup\/tavole-gonfiabili\/all-round-it\/fun\/\"]}]},{\"@type\":\"ImageObject\",\"inLanguage\":\"it-IT\",\"@id\":\"https:\/\/spsurf.com\/it\/negozio-sup\/tavole-gonfiabili\/all-round-it\/fun\/#primaryimage\",\"url\":\"https:\/\/spsurf.com\/custom\/uploads\/2020\/05\/fun_blue.jpg\",\"contentUrl\":\"https:\/\/spsurf.com\/custom\/uploads\/2020\/05\/fun_blue.jpg\",\"width\":1500,\"height\":1500,\"caption\":\"Tabla Paddle Surf FUN SPS 10\u20195\u00d732\u201dx6\u201d Blue\"},{\"@type\":\"BreadcrumbList\",\"@id\":\"https:\/\/spsurf.com\/it\/negozio-sup\/tavole-gonfiabili\/all-round-it\/fun\/#breadcrumb\",\"itemListElement\":[{\"@type\":\"ListItem\",\"position\":1,\"name\":\"Portada\",\"item\":\"https:\/\/spsurf.com\/it\/\"},{\"@type\":\"ListItem\",\"position\":2,\"name\":\"Negozio\",\"item\":\"https:\/\/spsurf.com\/it\/negozio-sup\/\"},{\"@type\":\"ListItem\",\"position\":3,\"name\":\"Tavola da paddle SUP FUN SPS 10\u20195\u00d732\u201dx6\u201d Blue\"}]},{\"@type\":\"WebSite\",\"@id\":\"https:\/\/www.spsurf.com\/it\/#website\",\"url\":\"https:\/\/www.spsurf.com\/it\/\",\"name\":\"SPS SURF\",\"description\":\"Otro sitio realizado con WordPress\",\"publisher\":{\"@id\":\"https:\/\/www.spsurf.com\/it\/#organization\"},\"potentialAction\":[{\"@type\":\"SearchAction\",\"target\":{\"@type\":\"EntryPoint\",\"urlTemplate\":\"https:\/\/www.spsurf.com\/it\/?s={search_term_string}\"},\"query-input\":\"required name=search_term_string\"}],\"inLanguage\":\"it-IT\"},{\"@type\":\"Organization\",\"@id\":\"https:\/\/www.spsurf.com\/it\/#organization\",\"name\":\"SPSurf\",\"url\":\"https:\/\/www.spsurf.com\/it\/\",\"logo\":{\"@type\":\"ImageObject\",\"inLanguage\":\"it-IT\",\"@id\":\"https:\/\/www.spsurf.com\/it\/#\/schema\/logo\/image\/\",\"url\":\"https:\/\/spsurf.com\/custom\/uploads\/2020\/05\/logo.png\",\"contentUrl\":\"https:\/\/spsurf.com\/custom\/uploads\/2020\/05\/logo.png\",\"width\":206,\"height\":140,\"caption\":\"SPSurf\"},\"image\":{\"@id\":\"https:\/\/www.spsurf.com\/it\/#\/schema\/logo\/image\/\"},\"sameAs\":[\"https:\/\/www.facebook.com\/SpsStandUpPaddle\/\",\"https:\/\/www.instagram.com\/spsstanduppaddle\/\"]}]}<\/script>\n<!-- \/ Yoast SEO plugin. -->","yoast_head_json":{"title":"Tavola da paddle SUP FUN SPS 10\u20195\u00d732\u201dx6\u201d Blue | SPS SURF","description":"Con il modello FUN tutta la famiglia pu\u00f2 divertirsi con il paddle surf. \u00c8 una tavola ideale per i pi\u00f9 piccoli, le loro giornate al mare saranno pi\u00f9 divertenti.","robots":{"index":"index","follow":"follow","max-snippet":"max-snippet:-1","max-image-preview":"max-image-preview:large","max-video-preview":"max-video-preview:-1"},"canonical":"https:\/\/spsurf.com\/it\/negozio-sup\/tavole-gonfiabili\/all-round-it\/fun\/","og_locale":"it_IT","og_type":"article","og_title":"Tavola da paddle SUP FUN SPS 10\u20195\u00d732\u201dx6\u201d Blue | SPS SURF","og_description":"Con il modello FUN tutta la famiglia pu\u00f2 divertirsi con il paddle surf. \u00c8 una tavola ideale per i pi\u00f9 piccoli, le loro giornate al mare saranno pi\u00f9 divertenti.","og_url":"https:\/\/spsurf.com\/it\/negozio-sup\/tavole-gonfiabili\/all-round-it\/fun\/","og_site_name":"SPS SURF","article_publisher":"https:\/\/www.facebook.com\/SpsStandUpPaddle\/","article_modified_time":"2025-01-28T21:11:08+00:00","og_image":[{"width":1500,"height":1500,"url":"https:\/\/spsurf.com\/custom\/uploads\/2020\/05\/fun_blue.jpg","type":"image\/jpeg"}],"twitter_card":"summary_large_image","schema":{"@context":"https:\/\/schema.org","@graph":[{"@type":"WebPage","@id":"https:\/\/spsurf.com\/it\/negozio-sup\/tavole-gonfiabili\/all-round-it\/fun\/","url":"https:\/\/spsurf.com\/it\/negozio-sup\/tavole-gonfiabili\/all-round-it\/fun\/","name":"Tavola da paddle SUP FUN SPS 10\u20195\u00d732\u201dx6\u201d Blue | SPS SURF","isPartOf":{"@id":"https:\/\/www.spsurf.com\/it\/#website"},"primaryImageOfPage":{"@id":"https:\/\/spsurf.com\/it\/negozio-sup\/tavole-gonfiabili\/all-round-it\/fun\/#primaryimage"},"image":{"@id":"https:\/\/spsurf.com\/it\/negozio-sup\/tavole-gonfiabili\/all-round-it\/fun\/#primaryimage"},"thumbnailUrl":"https:\/\/spsurf.com\/custom\/uploads\/2020\/05\/fun_blue.jpg","datePublished":"2020-05-01T07:05:11+00:00","dateModified":"2025-01-28T21:11:08+00:00","description":"Con il modello FUN tutta la famiglia pu\u00f2 divertirsi con il paddle surf. \u00c8 una tavola ideale per i pi\u00f9 piccoli, le loro giornate al mare saranno pi\u00f9 divertenti.","breadcrumb":{"@id":"https:\/\/spsurf.com\/it\/negozio-sup\/tavole-gonfiabili\/all-round-it\/fun\/#breadcrumb"},"inLanguage":"it-IT","potentialAction":[{"@type":"ReadAction","target":["https:\/\/spsurf.com\/it\/negozio-sup\/tavole-gonfiabili\/all-round-it\/fun\/"]}]},{"@type":"ImageObject","inLanguage":"it-IT","@id":"https:\/\/spsurf.com\/it\/negozio-sup\/tavole-gonfiabili\/all-round-it\/fun\/#primaryimage","url":"https:\/\/spsurf.com\/custom\/uploads\/2020\/05\/fun_blue.jpg","contentUrl":"https:\/\/spsurf.com\/custom\/uploads\/2020\/05\/fun_blue.jpg","width":1500,"height":1500,"caption":"Tabla Paddle Surf FUN SPS 10\u20195\u00d732\u201dx6\u201d Blue"},{"@type":"BreadcrumbList","@id":"https:\/\/spsurf.com\/it\/negozio-sup\/tavole-gonfiabili\/all-round-it\/fun\/#breadcrumb","itemListElement":[{"@type":"ListItem","position":1,"name":"Portada","item":"https:\/\/spsurf.com\/it\/"},{"@type":"ListItem","position":2,"name":"Negozio","item":"https:\/\/spsurf.com\/it\/negozio-sup\/"},{"@type":"ListItem","position":3,"name":"Tavola da paddle SUP FUN SPS 10\u20195\u00d732\u201dx6\u201d Blue"}]},{"@type":"WebSite","@id":"https:\/\/www.spsurf.com\/it\/#website","url":"https:\/\/www.spsurf.com\/it\/","name":"SPS SURF","description":"Otro sitio realizado con WordPress","publisher":{"@id":"https:\/\/www.spsurf.com\/it\/#organization"},"potentialAction":[{"@type":"SearchAction","target":{"@type":"EntryPoint","urlTemplate":"https:\/\/www.spsurf.com\/it\/?s={search_term_string}"},"query-input":"required name=search_term_string"}],"inLanguage":"it-IT"},{"@type":"Organization","@id":"https:\/\/www.spsurf.com\/it\/#organization","name":"SPSurf","url":"https:\/\/www.spsurf.com\/it\/","logo":{"@type":"ImageObject","inLanguage":"it-IT","@id":"https:\/\/www.spsurf.com\/it\/#\/schema\/logo\/image\/","url":"https:\/\/spsurf.com\/custom\/uploads\/2020\/05\/logo.png","contentUrl":"https:\/\/spsurf.com\/custom\/uploads\/2020\/05\/logo.png","width":206,"height":140,"caption":"SPSurf"},"image":{"@id":"https:\/\/www.spsurf.com\/it\/#\/schema\/logo\/image\/"},"sameAs":["https:\/\/www.facebook.com\/SpsStandUpPaddle\/","https:\/\/www.instagram.com\/spsstanduppaddle\/"]}]}},"_links":{"self":[{"href":"https:\/\/spsurf.com\/it\/wp-json\/wp\/v2\/product\/5778"}],"collection":[{"href":"https:\/\/spsurf.com\/it\/wp-json\/wp\/v2\/product"}],"about":[{"href":"https:\/\/spsurf.com\/it\/wp-json\/wp\/v2\/types\/product"}],"wp:featuredmedia":[{"embeddable":true,"href":"https:\/\/spsurf.com\/it\/wp-json\/wp\/v2\/media\/9681"}],"wp:attachment":[{"href":"https:\/\/spsurf.com\/it\/wp-json\/wp\/v2\/media?parent=5778"}],"wp:term":[{"taxonomy":"product_cat","embeddable":true,"href":"https:\/\/spsurf.com\/it\/wp-json\/wp\/v2\/product_cat?post=5778"},{"taxonomy":"product_tag","embeddable":true,"href":"https:\/\/spsurf.com\/it\/wp-json\/wp\/v2\/product_tag?post=5778"},{"taxonomy":"woo-feed-brand","embeddable":true,"href":"https:\/\/spsurf.com\/it\/wp-json\/wp\/v2\/woo-feed-brand?post=5778"}],"curies":[{"name":"wp","href":"https:\/\/api.w.org\/{rel}","templated":true}]}}